{"id":336,"date":"2017-09-25T10:52:32","date_gmt":"2017-09-25T08:52:32","guid":{"rendered":"https:\/\/demo-content.kaliumtheme.com\/construction\/?page_id=336"},"modified":"2023-07-27T17:07:26","modified_gmt":"2023-07-27T15:07:26","slug":"uber-uns","status":"publish","type":"page","link":"https:\/\/rutschfestigkeit-test.de\/en\/uber-uns\/","title":{"rendered":"\u00dcber uns"},"content":{"rendered":"<section class=\"wpb-content-wrapper\"><div class=\"vc-row-container container\"><div data-vc-parallax=\"1.5\" data-vc-parallax-image=\"\" class=\"vc_row wpb_row vc_row-fluid vc_custom_1690382555969 vc_row-has-fill vc_row-o-content-middle vc_row-flex vc_general vc_parallax vc_parallax-content-moving\"><div class=\"wpb_column vc_column_container vc_col-sm-2\"><div class=\"vc_column-inner\"><div class=\"wpb_wrapper\"><\/div><\/div><\/div><div class=\"wpb_column vc_column_container vc_col-sm-8\"><div class=\"vc_column-inner vc_custom_1507633993640\"><div class=\"wpb_wrapper\"><h1 style=\"font-size: 48px;color: #ffffff;text-align: center\" class=\"vc_custom_heading\" >Unser Auftrag<\/h1><p style=\"font-size: 22px;color: #ffffff;line-height: 1.5;text-align: center\" class=\"vc_custom_heading\" ><\/p><div class=\"vc_btn3-container  wpb_animate_when_almost_visible wpb_fadeInUp fadeInUp vc_btn3-center\" ><a style=\"background-color:#f7bf16; color:#ffffff;\" class=\"vc_general vc_btn3 vc_btn3-size-lg vc_btn3-shape-square vc_btn3-style-custom\" href=\"https:\/\/rutschfestigkeit-test.de\/en\/kontakt\/\" title=\"\">KONTAKT<\/a><\/div><\/div><\/div><\/div><div class=\"wpb_column vc_column_container vc_col-sm-2\"><div class=\"vc_column-inner\"><div class=\"wpb_wrapper\"><\/div><\/div><\/div><\/div><\/div><div class=\"vc-row-container container\"><div class=\"vc_row wpb_row vc_row-fluid vc_custom_1507634269237 vc_column-gap-10 vc_row-o-equal-height vc_row-flex\"><div class=\"wpb_animate_when_almost_visible wpb_fadeInUp fadeInUp wpb_column vc_column_container vc_col-sm-4 vc_col-has-fill\"><div class=\"vc_column-inner vc_custom_1507638356593\"><div class=\"wpb_wrapper\">\n\t<div class=\"wpb_text_column wpb_content_element  post-formatting\" >\n\t\t<div class=\"wpb_wrapper\">\n\t\t\t<p>Unser Ziel ist es, Menschen vor Rutschgefahren zu sch\u00fctzen, indem wir zuverl\u00e4ssige Antirutschtests und professionelle Beratungsdienste anbieten.<\/p>\n<p>Wir sind bestrebt, unsere Pr\u00fcfmethoden und Technologien kontinuierlich zu verbessern, um ein H\u00f6chstma\u00df an Sicherheit zu gew\u00e4hrleisten und die Erwartungen unserer Kunden zu erf\u00fcllen oder sogar zu \u00fcbertreffen.<\/p>\n\n\t\t<\/div>\n\t<\/div>\n<\/div><\/div><\/div><div class=\"wpb_animate_when_almost_visible wpb_fadeInUp fadeInUp wpb_column vc_column_container vc_col-sm-4 vc_col-has-fill\"><div class=\"vc_column-inner vc_custom_1507638364029\"><div class=\"wpb_wrapper\">\n\t<div class=\"wpb_text_column wpb_content_element  post-formatting\" >\n\t\t<div class=\"wpb_wrapper\">\n\t\t\t<p>Wir sind bestrebt, eine Sicherheitskultur zu schaffen, die Bedeutung der Rutsch- und Sturzpr\u00e4vention zu verstehen und die Zahl der rutschbedingten Unf\u00e4lle weltweit zu verringern. Unsere Mission ist zweifellos ehrgeizig, aber wir sind zuversichtlich, dass wir durch unsere Arbeit dazu beitragen k\u00f6nnen, sicherere R\u00e4ume f\u00fcr alle zu schaffen.<\/p>\n\n\t\t<\/div>\n\t<\/div>\n<\/div><\/div><\/div><div class=\"wpb_animate_when_almost_visible wpb_fadeInUp fadeInUp wpb_column vc_column_container vc_col-sm-4 vc_col-has-fill\"><div class=\"vc_column-inner vc_custom_1507638347402\"><div class=\"wpb_wrapper\">\n\t<div class=\"wpb_text_column wpb_content_element  vc_custom_1690454566468 post-formatting\" >\n\t\t<div class=\"wpb_wrapper\">\n\t\t\t<p>Breite Palette von Dienstleistungen im <strong>Bereich Bodensicherheit!<\/strong><\/p>\n\n\t\t<\/div>\n\t<\/div>\n<div class=\"vc_progress_bar wpb_content_element\" ><div class=\"vc_general vc_single_bar\"><small class=\"vc_label\" style=\"&quot;color:#ffffff;&quot;\">Anti-Rutsch-Messungen<\/small><span class=\"vc_bar\" data-percentage-value=\"100\" data-value=\"100\" style=\"background-color:#f7c016;\"><\/span><\/div><div class=\"vc_general vc_single_bar\"><small class=\"vc_label\" style=\"&quot;color:#ffffff;&quot;\">Messung von antielektrostatischen B\u00f6den<\/small><span class=\"vc_bar\" data-percentage-value=\"100\" data-value=\"100\" style=\"background-color:#f7c016;\"><\/span><\/div><div class=\"vc_general vc_single_bar\"><small class=\"vc_label\" style=\"&quot;color:#ffffff;&quot;\">Beratung zum Bodenschutz<\/small><span class=\"vc_bar\" data-percentage-value=\"100\" data-value=\"100\" style=\"background-color:#f7c016;\"><\/span><\/div><div class=\"vc_general vc_single_bar\"><small class=\"vc_label\" style=\"&quot;color:#ffffff;&quot;\">Ausbildung <\/small><span class=\"vc_bar\" data-percentage-value=\"100\" data-value=\"100\" style=\"background-color:#f7c016;\"><\/span><\/div><div class=\"vc_general vc_single_bar\"><small class=\"vc_label\" style=\"&quot;color:#ffffff;&quot;\">SensFloor\u00ae Technologie zur Sturzerkennung<\/small><span class=\"vc_bar\" data-percentage-value=\"100\" data-value=\"100\" style=\"background-color:#f7c016;\"><\/span><\/div><\/div><\/div><\/div><\/div><\/div><\/div><div class=\"vc-row-container container\"><div class=\"vc_row wpb_row vc_row-fluid\"><div class=\"wpb_column vc_column_container vc_col-sm-12\"><div class=\"vc_column-inner\"><div class=\"wpb_wrapper\"><div class=\"vc_empty_space\"   style=\"height: 32px\"><span class=\"vc_empty_space_inner\"><\/span><\/div><\/div><\/div><\/div><\/div><\/div><div class=\"vc-row-container container\"><div class=\"vc_row wpb_row vc_row-fluid\"><div class=\"wpb_column vc_column_container vc_col-sm-12 vc_col-has-fill\"><div class=\"vc_column-inner vc_custom_1690383186401\"><div class=\"wpb_wrapper\">\n\t<div class=\"wpb_text_column wpb_content_element  vc_custom_1690454185909 post-formatting\" >\n\t\t<div class=\"wpb_wrapper\">\n\t\t\t<p>Smartfloor verf\u00fcgt \u00fcber langj\u00e4hrige Erfahrung in der Bodenbelags- und Baubranche. Dadurch haben wir die umfassenden Kenntnisse und F\u00e4higkeiten erworben, die notwendig sind, um einen professionellen Service von h\u00f6chster Qualit\u00e4t zu bieten. Wir sind ein anerkannter Marktf\u00fchrer im Bereich der Bodeninspektion und -pr\u00fcfung, was durch Dutzende zufriedener Kunden belegt wird.<\/p>\n<p>Unsere Erfahrung und unser Ruf, der auf soliden Ergebnissen beruht, machen uns zu einem vertrauensw\u00fcrdigen Partner f\u00fcr viele Unternehmen, Institutionen und Privatkunden, die nicht nur wirksame, sondern auch dauerhafte Antirutschl\u00f6sungen suchen.<\/p>\n<p>Smartfloor hat seine Standardeinsatzgebiete in vier gro\u00dfen europ\u00e4ischen M\u00e4rkten: Deutschland, Polen, Tschechien und der Slowakei. Dennoch sind wir nicht auf diese Regionen beschr\u00e4nkt. Wir sind offen f\u00fcr neue Herausforderungen und bereit, unsere Dienstleistungen \u00fcber diese Gebiete hinaus zu erweitern. Unser Ziel ist es, \u00fcberall dort, wo unser Fachwissen und unsere Erfahrung zur Sicherheit und Funktionalit\u00e4t von Fu\u00dfb\u00f6den beitragen k\u00f6nnen, Dienstleistungen h\u00f6chster Qualit\u00e4t zu erbringen.<\/p>\n\n\t\t<\/div>\n\t<\/div>\n<\/div><\/div><\/div><\/div><\/div><div class=\"vc-row-container container\"><div class=\"vc_row wpb_row vc_row-fluid\"><div class=\"wpb_column vc_column_container vc_col-sm-12\"><div class=\"vc_column-inner\"><div class=\"wpb_wrapper\"><div class=\"vc_empty_space\"   style=\"height: 32px\"><span class=\"vc_empty_space_inner\"><\/span><\/div><\/div><\/div><\/div><\/div><\/div>\n<\/section>","protected":false},"excerpt":{"rendered":"Unser AuftragKONTAKT Unser Ziel ist es, Menschen vor Rutschgefahren zu sch\u00fctzen, indem wir zuverl\u00e4ssige Antirutschtests und professionelle Beratungsdienste anbieten. Wir sind bestrebt, unsere Pr\u00fcfmethoden und Technologien kontinuierlich zu verbessern, um ein H\u00f6chstma\u00df an Sicherheit zu gew\u00e4hrleisten und die Erwartungen unserer Kunden zu erf\u00fcllen oder sogar zu \u00fcbertreffen. Wir sind bestrebt, eine Sicherheitskultur zu schaffen, die&hellip;","protected":false},"author":1,"featured_media":0,"parent":0,"menu_order":0,"comment_status":"closed","ping_status":"closed","template":"","meta":{"_acf_changed":false,"footnotes":""},"class_list":["post-336","page","type-page","status-publish","hentry"],"acf":[],"yoast_head":"<!-- This site is optimized with the Yoast SEO plugin v24.4 - https:\/\/yoast.com\/wordpress\/plugins\/seo\/ -->\n<title>\u00dcber uns - Rutschfestigkeitspr\u00fcfung mit Smartfloor<\/title>\n<meta name=\"description\" content=\"\u00dcber uns. Erfahren Sie mehr \u00fcber Smartfloor, Ihre Experten f\u00fcr Rutschfestigkeitspr\u00fcfungen. Wir setzen auf Qualit\u00e4t und Erfahrung.\" \/>\n<meta name=\"robots\" content=\"index, follow, max-snippet:-1, max-image-preview:large, max-video-preview:-1\" \/>\n<link rel=\"canonical\" href=\"https:\/\/rutschfestigkeit-test.de\/en\/uber-uns\/\" \/>\n<meta property=\"og:locale\" content=\"en_US\" \/>\n<meta property=\"og:type\" content=\"article\" \/>\n<meta property=\"og:title\" content=\"\u00dcber uns - Rutschfestigkeitspr\u00fcfung mit Smartfloor\" \/>\n<meta property=\"og:description\" content=\"\u00dcber uns. Erfahren Sie mehr \u00fcber Smartfloor, Ihre Experten f\u00fcr Rutschfestigkeitspr\u00fcfungen. Wir setzen auf Qualit\u00e4t und Erfahrung.\" \/>\n<meta property=\"og:url\" content=\"https:\/\/rutschfestigkeit-test.de\/en\/uber-uns\/\" \/>\n<meta property=\"og:site_name\" content=\"Rutschfestigkeitspr\u00fcfung mit Smartfloor\" \/>\n<meta property=\"article:publisher\" content=\"https:\/\/www.facebook.com\/smartfloorpl\" \/>\n<meta property=\"article:modified_time\" content=\"2023-07-27T15:07:26+00:00\" \/>\n<meta name=\"twitter:card\" content=\"summary_large_image\" \/>\n<meta name=\"twitter:label1\" content=\"Est. reading time\" \/>\n\t<meta name=\"twitter:data1\" content=\"2 minutes\" \/>\n<script type=\"application\/ld+json\" class=\"yoast-schema-graph\">{\"@context\":\"https:\/\/schema.org\",\"@graph\":[{\"@type\":\"WebPage\",\"@id\":\"https:\/\/rutschfestigkeit-test.de\/uber-uns\/\",\"url\":\"https:\/\/rutschfestigkeit-test.de\/uber-uns\/\",\"name\":\"\u00dcber uns - Rutschfestigkeitspr\u00fcfung mit Smartfloor\",\"isPartOf\":{\"@id\":\"https:\/\/rutschfestigkeit-test.de\/#website\"},\"datePublished\":\"2017-09-25T08:52:32+00:00\",\"dateModified\":\"2023-07-27T15:07:26+00:00\",\"description\":\"\u00dcber uns. Erfahren Sie mehr \u00fcber Smartfloor, Ihre Experten f\u00fcr Rutschfestigkeitspr\u00fcfungen. Wir setzen auf Qualit\u00e4t und Erfahrung.\",\"breadcrumb\":{\"@id\":\"https:\/\/rutschfestigkeit-test.de\/uber-uns\/#breadcrumb\"},\"inLanguage\":\"en-US\",\"potentialAction\":[{\"@type\":\"ReadAction\",\"target\":[\"https:\/\/rutschfestigkeit-test.de\/uber-uns\/\"]}]},{\"@type\":\"BreadcrumbList\",\"@id\":\"https:\/\/rutschfestigkeit-test.de\/uber-uns\/#breadcrumb\",\"itemListElement\":[{\"@type\":\"ListItem\",\"position\":1,\"name\":\"Home\",\"item\":\"https:\/\/rutschfestigkeit-test.de\/\"},{\"@type\":\"ListItem\",\"position\":2,\"name\":\"\u00dcber uns\"}]},{\"@type\":\"WebSite\",\"@id\":\"https:\/\/rutschfestigkeit-test.de\/#website\",\"url\":\"https:\/\/rutschfestigkeit-test.de\/\",\"name\":\"Rutschfestigkeitspr\u00fcfung mit Smartfloor\",\"description\":\"Rutschfestigkeitspr\u00fcfung mit Smartfloor\",\"publisher\":{\"@id\":\"https:\/\/rutschfestigkeit-test.de\/#organization\"},\"potentialAction\":[{\"@type\":\"SearchAction\",\"target\":{\"@type\":\"EntryPoint\",\"urlTemplate\":\"https:\/\/rutschfestigkeit-test.de\/?s={search_term_string}\"},\"query-input\":{\"@type\":\"PropertyValueSpecification\",\"valueRequired\":true,\"valueName\":\"search_term_string\"}}],\"inLanguage\":\"en-US\"},{\"@type\":\"Organization\",\"@id\":\"https:\/\/rutschfestigkeit-test.de\/#organization\",\"name\":\"Smartfloor\",\"url\":\"https:\/\/rutschfestigkeit-test.de\/\",\"logo\":{\"@type\":\"ImageObject\",\"inLanguage\":\"en-US\",\"@id\":\"https:\/\/rutschfestigkeit-test.de\/#\/schema\/logo\/image\/\",\"url\":\"https:\/\/rutschfestigkeit-test.de\/wp-content\/uploads\/2023\/07\/Zasob-3-jakosc.png\",\"contentUrl\":\"https:\/\/rutschfestigkeit-test.de\/wp-content\/uploads\/2023\/07\/Zasob-3-jakosc.png\",\"width\":4217,\"height\":862,\"caption\":\"Smartfloor\"},\"image\":{\"@id\":\"https:\/\/rutschfestigkeit-test.de\/#\/schema\/logo\/image\/\"},\"sameAs\":[\"https:\/\/www.facebook.com\/smartfloorpl\",\"https:\/\/pl.linkedin.com\/company\/smartfloorpl\"]}]}<\/script>\n<!-- \/ Yoast SEO plugin. -->","yoast_head_json":{"title":"\u00dcber uns - Rutschfestigkeitspr\u00fcfung mit Smartfloor","description":"\u00dcber uns. Erfahren Sie mehr \u00fcber Smartfloor, Ihre Experten f\u00fcr Rutschfestigkeitspr\u00fcfungen. Wir setzen auf Qualit\u00e4t und Erfahrung.","robots":{"index":"index","follow":"follow","max-snippet":"max-snippet:-1","max-image-preview":"max-image-preview:large","max-video-preview":"max-video-preview:-1"},"canonical":"https:\/\/rutschfestigkeit-test.de\/en\/uber-uns\/","og_locale":"en_US","og_type":"article","og_title":"\u00dcber uns - Rutschfestigkeitspr\u00fcfung mit Smartfloor","og_description":"\u00dcber uns. Erfahren Sie mehr \u00fcber Smartfloor, Ihre Experten f\u00fcr Rutschfestigkeitspr\u00fcfungen. Wir setzen auf Qualit\u00e4t und Erfahrung.","og_url":"https:\/\/rutschfestigkeit-test.de\/en\/uber-uns\/","og_site_name":"Rutschfestigkeitspr\u00fcfung mit Smartfloor","article_publisher":"https:\/\/www.facebook.com\/smartfloorpl","article_modified_time":"2023-07-27T15:07:26+00:00","twitter_card":"summary_large_image","twitter_misc":{"Est. reading time":"2 minutes"},"schema":{"@context":"https:\/\/schema.org","@graph":[{"@type":"WebPage","@id":"https:\/\/rutschfestigkeit-test.de\/uber-uns\/","url":"https:\/\/rutschfestigkeit-test.de\/uber-uns\/","name":"\u00dcber uns - Rutschfestigkeitspr\u00fcfung mit Smartfloor","isPartOf":{"@id":"https:\/\/rutschfestigkeit-test.de\/#website"},"datePublished":"2017-09-25T08:52:32+00:00","dateModified":"2023-07-27T15:07:26+00:00","description":"\u00dcber uns. Erfahren Sie mehr \u00fcber Smartfloor, Ihre Experten f\u00fcr Rutschfestigkeitspr\u00fcfungen. Wir setzen auf Qualit\u00e4t und Erfahrung.","breadcrumb":{"@id":"https:\/\/rutschfestigkeit-test.de\/uber-uns\/#breadcrumb"},"inLanguage":"en-US","potentialAction":[{"@type":"ReadAction","target":["https:\/\/rutschfestigkeit-test.de\/uber-uns\/"]}]},{"@type":"BreadcrumbList","@id":"https:\/\/rutschfestigkeit-test.de\/uber-uns\/#breadcrumb","itemListElement":[{"@type":"ListItem","position":1,"name":"Home","item":"https:\/\/rutschfestigkeit-test.de\/"},{"@type":"ListItem","position":2,"name":"\u00dcber uns"}]},{"@type":"WebSite","@id":"https:\/\/rutschfestigkeit-test.de\/#website","url":"https:\/\/rutschfestigkeit-test.de\/","name":"Rutschfestigkeitspr\u00fcfung mit Smartfloor","description":"Rutschfestigkeitspr\u00fcfung mit Smartfloor","publisher":{"@id":"https:\/\/rutschfestigkeit-test.de\/#organization"},"potentialAction":[{"@type":"SearchAction","target":{"@type":"EntryPoint","urlTemplate":"https:\/\/rutschfestigkeit-test.de\/?s={search_term_string}"},"query-input":{"@type":"PropertyValueSpecification","valueRequired":true,"valueName":"search_term_string"}}],"inLanguage":"en-US"},{"@type":"Organization","@id":"https:\/\/rutschfestigkeit-test.de\/#organization","name":"Smartfloor","url":"https:\/\/rutschfestigkeit-test.de\/","logo":{"@type":"ImageObject","inLanguage":"en-US","@id":"https:\/\/rutschfestigkeit-test.de\/#\/schema\/logo\/image\/","url":"https:\/\/rutschfestigkeit-test.de\/wp-content\/uploads\/2023\/07\/Zasob-3-jakosc.png","contentUrl":"https:\/\/rutschfestigkeit-test.de\/wp-content\/uploads\/2023\/07\/Zasob-3-jakosc.png","width":4217,"height":862,"caption":"Smartfloor"},"image":{"@id":"https:\/\/rutschfestigkeit-test.de\/#\/schema\/logo\/image\/"},"sameAs":["https:\/\/www.facebook.com\/smartfloorpl","https:\/\/pl.linkedin.com\/company\/smartfloorpl"]}]}},"_links":{"self":[{"href":"https:\/\/rutschfestigkeit-test.de\/en\/wp-json\/wp\/v2\/pages\/336","targetHints":{"allow":["GET"]}}],"collection":[{"href":"https:\/\/rutschfestigkeit-test.de\/en\/wp-json\/wp\/v2\/pages"}],"about":[{"href":"https:\/\/rutschfestigkeit-test.de\/en\/wp-json\/wp\/v2\/types\/page"}],"author":[{"embeddable":true,"href":"https:\/\/rutschfestigkeit-test.de\/en\/wp-json\/wp\/v2\/users\/1"}],"replies":[{"embeddable":true,"href":"https:\/\/rutschfestigkeit-test.de\/en\/wp-json\/wp\/v2\/comments?post=336"}],"version-history":[{"count":14,"href":"https:\/\/rutschfestigkeit-test.de\/en\/wp-json\/wp\/v2\/pages\/336\/revisions"}],"predecessor-version":[{"id":2460,"href":"https:\/\/rutschfestigkeit-test.de\/en\/wp-json\/wp\/v2\/pages\/336\/revisions\/2460"}],"wp:attachment":[{"href":"https:\/\/rutschfestigkeit-test.de\/en\/wp-json\/wp\/v2\/media?parent=336"}],"curies":[{"name":"wp","href":"https:\/\/api.w.org\/{rel}","templated":true}]}}