{"id":548,"date":"2017-09-27T11:39:20","date_gmt":"2017-09-27T09:39:20","guid":{"rendered":"https:\/\/demo-content.kaliumtheme.com\/construction\/?page_id=548"},"modified":"2023-07-27T17:04:59","modified_gmt":"2023-07-27T15:04:59","slug":"wissen-faq","status":"publish","type":"page","link":"https:\/\/rutschfestigkeit-test.de\/en\/wissen-faq\/","title":{"rendered":"Wissen FAQ"},"content":{"rendered":"<section class=\"wpb-content-wrapper\"><div class=\"vc-row-container container\"><div class=\"vc_row wpb_row vc_row-fluid vc_custom_1508329017927\"><div class=\"wpb_column vc_column_container vc_col-sm-12\"><div class=\"vc_column-inner\"><div class=\"wpb_wrapper\"><div class=\"section-title\">\n    <h2>Wissen - FAQ<\/h2>\n<\/div><\/div><\/div><\/div><\/div><\/div><div class=\"vc-row-container container\"><div class=\"vc_row wpb_row vc_row-fluid vc_row-o-content-bottom vc_row-flex\"><div class=\"wpb_column vc_column_container vc_col-sm-8\"><div class=\"vc_column-inner vc_custom_1506516157724\"><div class=\"wpb_wrapper\"><div class=\"vc_tta-container\" data-vc-action=\"collapse\"><div class=\"vc_general vc_tta vc_tta-accordion vc_tta-color-grey vc_tta-style-theme-styled vc_tta-shape-rounded vc_tta-o-shape-group vc_tta-gap-10 vc_tta-controls-align-left  accordion-construction-demo-style\"><div class=\"vc_tta-panels-container\"><div class=\"vc_tta-panels\"><div class=\"vc_tta-panel vc_active\" id=\"1506512406848-b09578ea-b956\" data-vc-content=\".vc_tta-panel-body\"><div class=\"vc_tta-panel-heading\"><h4 class=\"vc_tta-panel-title vc_tta-controls-icon-position-left\"><a href=\"#1506512406848-b09578ea-b956\" data-vc-accordion data-vc-container=\".vc_tta-container\"><span class=\"vc_tta-title-text\">Warum sollte die Rutschfestigkeitspr\u00fcfung eingesetzt werden??<\/span><i class=\"vc_tta-controls-icon vc_tta-controls-icon-chevron\"><\/i><\/a><\/h4><\/div><div class=\"vc_tta-panel-body\">\n\t<div class=\"wpb_text_column wpb_content_element  post-formatting\" >\n\t\t<div class=\"wpb_wrapper\">\n\t\t\t<p>Es gibt eine Reihe von Gr\u00fcnden, warum sich Unternehmen und Organisationen f\u00fcr die Pr\u00fcfung von B\u00f6den in ihren Arbeits- oder \u00f6ffentlichen Bereichen entscheiden:<\/p>\n<p><strong>1. Wie sicher ist der Boden? <\/strong><\/p>\n<p>Nur spezialisierte Messungen mit zertifizierten Ger\u00e4ten k\u00f6nnen diese Frage beantworten.<\/p>\n<p><strong>2. Kostspielige Rechtsstreitigkeiten aufgrund von Ausrutschern <\/strong><\/p>\n<p>Geeignete, standardisierte Messungen vermeiden diese Art von Unannehmlichkeiten.<\/p>\n<p><strong>3. Einhaltung von Gesetzen und Vorschriften<\/strong><\/p>\n<p>Die Messung der Rutschfestigkeit von B\u00f6den ist in der europ\u00e4ischen Gesetzgebung vorgeschrieben und entspricht den harmonisierten EU-Normen.<\/p>\n<p><strong>4. Identifizierung potenzieller Risiken vor einem Unfall<\/strong><\/p>\n<p>F\u00e4higkeit, fr\u00fchzeitig zu handeln, bevor gef\u00e4hrliche Situationen entstehen.<\/p>\n<p><strong>5. Vermeidung falscher Anspr\u00fcche <\/strong><\/p>\n<p>Berichte \u00fcber die Antirutschleistung schrecken potenzielle Betr\u00fcger ab.<\/p>\n<p><strong>6. Anforderungen einiger Versicherer und Pr\u00fcfer f\u00fcr Sicherheit und Gesundheitsschutz <\/strong><\/p>\n<p>Erf\u00fcllen Sie die Anforderungen der Pr\u00fcfer.<\/p>\n\n\t\t<\/div>\n\t<\/div>\n<\/div><\/div><div class=\"vc_tta-panel\" id=\"1506512722146-b69df5ff-906e\" data-vc-content=\".vc_tta-panel-body\"><div class=\"vc_tta-panel-heading\"><h4 class=\"vc_tta-panel-title vc_tta-controls-icon-position-left\"><a href=\"#1506512722146-b69df5ff-906e\" data-vc-accordion data-vc-container=\".vc_tta-container\"><span class=\"vc_tta-title-text\">Was ist der \"PTV-Schlupfwertfaktor\"?<\/span><i class=\"vc_tta-controls-icon vc_tta-controls-icon-chevron\"><\/i><\/a><\/h4><\/div><div class=\"vc_tta-panel-body\">\n\t<div class=\"wpb_text_column wpb_content_element  post-formatting\" >\n\t\t<div class=\"wpb_wrapper\">\n\t\t\t<p><img loading=\"lazy\" decoding=\"async\" class=\"wp-image-2385 alignleft\" src=\"http:\/\/rutschfestigkeit-test.de\/wp-content\/uploads\/2023\/07\/PTV-skala-300x300.png\" alt=\"\" width=\"229\" height=\"229\" srcset=\"https:\/\/rutschfestigkeit-test.de\/wp-content\/uploads\/2023\/07\/PTV-skala-300x300.png 300w, https:\/\/rutschfestigkeit-test.de\/wp-content\/uploads\/2023\/07\/PTV-skala-150x150.png 150w, https:\/\/rutschfestigkeit-test.de\/wp-content\/uploads\/2023\/07\/PTV-skala-468x468.png 468w, https:\/\/rutschfestigkeit-test.de\/wp-content\/uploads\/2023\/07\/PTV-skala.png 500w\" sizes=\"auto, (max-width: 229px) 100vw, 229px\" \/>Die fr\u00fcher verwendete Skala R9-R13 f\u00fcr die Rutschfestigkeit von Rampen wurde durch die neue, verbindlichere und praktischere PTV-Norm (Pendeltestwert) ersetzt.<\/p>\n<p>Die Rutschgefahr kann mit Hilfe des Pendeltests bestimmt werden. Dieser Test (geregelt in der deutschen Norm DIN-EN 13036-4) imitiert den Aufprall eines Fu\u00dfg\u00e4ngers auf die gepr\u00fcfte Bodenfl\u00e4che. Der Reibungswert zwischen Ferse und Boden wird quantifiziert und mit einem Pendeltestwert (PTV) versehen. Dieser Test wird vom Bauforschungsinstitut und der staatlichen Arbeitsaufsichtsbeh\u00f6rde bei der Inspektion von Fu\u00dfb\u00f6den im Rahmen einer periodischen Inspektion von Einrichtungen oder bei der Untersuchung nach einem Unfall empfohlen.<\/p>\n<p>Ein Wert von 36 PTV gilt als Mindestreibungskoeffizient f\u00fcr alle \u00f6ffentlichen Einrichtungen mit behinderten Menschen.<\/p>\n\n\t\t<\/div>\n\t<\/div>\n<\/div><\/div><div class=\"vc_tta-panel\" id=\"1506512406822-bcbb71b1-2362\" data-vc-content=\".vc_tta-panel-body\"><div class=\"vc_tta-panel-heading\"><h4 class=\"vc_tta-panel-title vc_tta-controls-icon-position-left\"><a href=\"#1506512406822-bcbb71b1-2362\" data-vc-accordion data-vc-container=\".vc_tta-container\"><span class=\"vc_tta-title-text\">F\u00fchren Sie R9 - R13 Rampentests durch?<\/span><i class=\"vc_tta-controls-icon vc_tta-controls-icon-chevron\"><\/i><\/a><\/h4><\/div><div class=\"vc_tta-panel-body\">\n\t<div class=\"wpb_text_column wpb_content_element  post-formatting\" >\n\t\t<div class=\"wpb_wrapper\">\n\t\t\t<p>Nein, wir f\u00fchren keine Rampentests f\u00fcr R9 &#8211; R13 durch. Diese Technik wird nur in einem Speziallabor unter Verwendung einer speziellen Testrampe durchgef\u00fchrt. <strong>Aufgrund ihrer Beschaffenheit k\u00f6nnen diese Tests nicht auf einem bereits verlegten Boden durchgef\u00fchrt werden<\/strong>.<\/p>\n<p>Unser Unternehmen, Smartfloor, hat sich auf die Pr\u00fcfung der Rutschfestigkeit von bereits verlegten B\u00f6den spezialisiert. Aus diesem Grund bevorzugen und verwenden wir die Pendelmethode, auch bekannt als das britische Pendel. Diese Methode erm\u00f6glicht pr\u00e4zise Messungen direkt auf verlegten Oberfl\u00e4chen, sowohl im Innen- als auch im Au\u00dfenbereich. Es ist eine unsch\u00e4tzbare L\u00f6sung, die es uns erm\u00f6glicht, die Tests an die tats\u00e4chlichen Nutzungsbedingungen anzupassen und so pr\u00e4zise und zuverl\u00e4ssige Ergebnisse zu gew\u00e4hrleisten.<\/p>\n\n\t\t<\/div>\n\t<\/div>\n<\/div><\/div><div class=\"vc_tta-panel\" id=\"1506512722997-3b945e0d-ee18\" data-vc-content=\".vc_tta-panel-body\"><div class=\"vc_tta-panel-heading\"><h4 class=\"vc_tta-panel-title vc_tta-controls-icon-position-left\"><a href=\"#1506512722997-3b945e0d-ee18\" data-vc-accordion data-vc-container=\".vc_tta-container\"><span class=\"vc_tta-title-text\">Ist es m\u00f6glich, die Ergebnisse der PTV-Skala mit der Rampenskala R9 - R13 zu vergleichen?<\/span><i class=\"vc_tta-controls-icon vc_tta-controls-icon-chevron\"><\/i><\/a><\/h4><\/div><div class=\"vc_tta-panel-body\">\n\t<div class=\"wpb_text_column wpb_content_element  post-formatting\" >\n\t\t<div class=\"wpb_wrapper\">\n\t\t\t<p>Es handelt sich um zwei verschiedene Pr\u00fcfmethoden, f\u00fcr die es kein offizielles Vergleichssystem gibt. Die Rampenskala R9 &#8211; R13 und die Pendeltestskala (PTV) verwenden unterschiedliche Verfahren und Ma\u00dfe, so dass ein direkter Vergleich der Ergebnisse der beiden Tests schwierig und potenziell ungenau ist.<\/p>\n<p>Es gibt jedoch eine von der UK Slip Resistance Group entwickelte Vergleichstabelle, die versucht, die Ergebnisse der beiden Methoden zu vergleichen. Diese Tabelle ist das Ergebnis der Analyse einer gro\u00dfen Anzahl von Proben, an denen beide Tests durchgef\u00fchrt wurden. Obwohl es sich nicht um einen formalen Vergleich handelt, kann sie einen gewissen Hinweis auf die Beziehung zwischen der PTV-Skala und der Rampenskala R9 &#8211; R13 geben.<\/p>\n<p><img loading=\"lazy\" decoding=\"async\" class=\"size-medium wp-image-2391 aligncenter\" src=\"http:\/\/rutschfestigkeit-test.de\/wp-content\/uploads\/2023\/07\/R9-bis-R13-Bewertungen-2-300x225.png\" alt=\"\" width=\"300\" height=\"225\" srcset=\"https:\/\/rutschfestigkeit-test.de\/wp-content\/uploads\/2023\/07\/R9-bis-R13-Bewertungen-2-300x225.png 300w, https:\/\/rutschfestigkeit-test.de\/wp-content\/uploads\/2023\/07\/R9-bis-R13-Bewertungen-2-768x576.png 768w, https:\/\/rutschfestigkeit-test.de\/wp-content\/uploads\/2023\/07\/R9-bis-R13-Bewertungen-2-806x605.png 806w, https:\/\/rutschfestigkeit-test.de\/wp-content\/uploads\/2023\/07\/R9-bis-R13-Bewertungen-2-558x419.png 558w, https:\/\/rutschfestigkeit-test.de\/wp-content\/uploads\/2023\/07\/R9-bis-R13-Bewertungen-2-655x491.png 655w, https:\/\/rutschfestigkeit-test.de\/wp-content\/uploads\/2023\/07\/R9-bis-R13-Bewertungen-2.png 1024w\" sizes=\"auto, (max-width: 300px) 100vw, 300px\" \/><\/p>\n<p>Es ist jedoch zu betonen, dass jeder Test auf die spezifischen Betriebsbedingungen des Bodens zugeschnitten sein sollte. Aus diesem Grund ist es auch bei Verwendung einer Vergleichstabelle immer ratsam, den Test durchzuf\u00fchren, der f\u00fcr die jeweilige Situation am relevantesten ist.<\/p>\n\n\t\t<\/div>\n\t<\/div>\n<\/div><\/div><div class=\"vc_tta-panel\" id=\"1506512758292-7a7331f6-1c3f\" data-vc-content=\".vc_tta-panel-body\"><div class=\"vc_tta-panel-heading\"><h4 class=\"vc_tta-panel-title vc_tta-controls-icon-position-left\"><a href=\"#1506512758292-7a7331f6-1c3f\" data-vc-accordion data-vc-container=\".vc_tta-container\"><span class=\"vc_tta-title-text\">Was ist der Unterschied zwischen der PTV-Skala und der SRV-Skala?<\/span><i class=\"vc_tta-controls-icon vc_tta-controls-icon-chevron\"><\/i><\/a><\/h4><\/div><div class=\"vc_tta-panel-body\">\n\t<div class=\"wpb_text_column wpb_content_element  post-formatting\" >\n\t\t<div class=\"wpb_wrapper\">\n\t\t\t<p>PTV (Pendulum Test Value) und SRV (Slip Resistance Value) sind zwei Skalen zur Bewertung der Rutschfestigkeit von Fu\u00dfb\u00f6den, die dasselbe Ger\u00e4t verwenden &#8211; das britische Pendel. Obwohl beide Methoden dasselbe Ger\u00e4t verwenden, unterscheiden sie sich leicht in der Methodik, zum Beispiel in der Art und Weise, wie das Pendel positioniert wird.<\/p>\n<p>Die PTV-Methode wird h\u00e4ufig zur Pr\u00fcfung verschiedener Bodenbel\u00e4ge verwendet. Die PTV-Skala ist weltweit als zuverl\u00e4ssige Methode zur Bewertung der Rutschfestigkeit verschiedener Bodenbel\u00e4ge anerkannt.<\/p>\n<p>SRV ist eine Skala, die \u00fcblicherweise zur Pr\u00fcfung von Steinb\u00f6den verwendet wird. Diese Methode hat eine etwas andere Pendeleinstellung, die eine detaillierte Messung der Rutschfestigkeitseigenschaften von Stein erm\u00f6glicht.<\/p>\n<p>Smartfloor bietet Pr\u00fcfungen sowohl nach der PTV- als auch nach der SRV-Skala an. Wir verf\u00fcgen \u00fcber das n\u00f6tige Wissen und die Erfahrung, um diese Tests korrekt durchzuf\u00fchren und ein H\u00f6chstma\u00df an Sicherheit f\u00fcr die Nutzer des Bodens zu gew\u00e4hrleisten.<\/p>\n\n\t\t<\/div>\n\t<\/div>\n<\/div><\/div><\/div><\/div><\/div><\/div><\/div><\/div><\/div><div class=\"wpb_column vc_column_container vc_col-sm-4\"><div class=\"vc_column-inner\"><div class=\"wpb_wrapper\">\n\t<div  class=\"wpb_single_image wpb_content_element vc_align_right  wpb_animate_when_almost_visible wpb_right-to-left right-to-left vc_custom_1690379009585\">\n\t\t\n\t\t<figure class=\"wpb_wrapper vc_figure\">\n\t\t\t<div class=\"vc_single_image-wrapper   vc_box_border_grey\"><img loading=\"lazy\" decoding=\"async\" width=\"945\" height=\"945\" src=\"https:\/\/rutschfestigkeit-test.de\/wp-content\/uploads\/2023\/07\/smartfloor_web_print-1-fotor-2023072112441-1024x1024.png\" class=\"vc_single_image-img attachment-large\" alt=\"\" title=\"smartfloor_web_print-1-fotor-2023072112441\" srcset=\"https:\/\/rutschfestigkeit-test.de\/wp-content\/uploads\/2023\/07\/smartfloor_web_print-1-fotor-2023072112441-1024x1024.png 1024w, https:\/\/rutschfestigkeit-test.de\/wp-content\/uploads\/2023\/07\/smartfloor_web_print-1-fotor-2023072112441-300x300.png 300w, https:\/\/rutschfestigkeit-test.de\/wp-content\/uploads\/2023\/07\/smartfloor_web_print-1-fotor-2023072112441-150x150.png 150w, https:\/\/rutschfestigkeit-test.de\/wp-content\/uploads\/2023\/07\/smartfloor_web_print-1-fotor-2023072112441-768x768.png 768w, https:\/\/rutschfestigkeit-test.de\/wp-content\/uploads\/2023\/07\/smartfloor_web_print-1-fotor-2023072112441-468x468.png 468w, https:\/\/rutschfestigkeit-test.de\/wp-content\/uploads\/2023\/07\/smartfloor_web_print-1-fotor-2023072112441-1116x1116.png 1116w, https:\/\/rutschfestigkeit-test.de\/wp-content\/uploads\/2023\/07\/smartfloor_web_print-1-fotor-2023072112441-806x806.png 806w, https:\/\/rutschfestigkeit-test.de\/wp-content\/uploads\/2023\/07\/smartfloor_web_print-1-fotor-2023072112441-558x558.png 558w, https:\/\/rutschfestigkeit-test.de\/wp-content\/uploads\/2023\/07\/smartfloor_web_print-1-fotor-2023072112441-655x655.png 655w, https:\/\/rutschfestigkeit-test.de\/wp-content\/uploads\/2023\/07\/smartfloor_web_print-1-fotor-2023072112441.png 1297w\" sizes=\"auto, (max-width: 945px) 100vw, 945px\" \/><\/div>\n\t\t<\/figure>\n\t<\/div>\n<\/div><\/div><\/div><\/div><\/div>\n<\/section>","protected":false},"excerpt":{"rendered":"Wissen - FAQ Warum sollte die Rutschfestigkeitspr\u00fcfung eingesetzt werden?? Es gibt eine Reihe von Gr\u00fcnden, warum sich Unternehmen und Organisationen f\u00fcr die Pr\u00fcfung von B\u00f6den in ihren Arbeits- oder \u00f6ffentlichen Bereichen entscheiden: 1. Wie sicher ist der Boden? Nur spezialisierte Messungen mit zertifizierten Ger\u00e4ten k\u00f6nnen diese Frage beantworten. 2. Kostspielige Rechtsstreitigkeiten aufgrund von Ausrutschern Geeignete,&hellip;","protected":false},"author":1,"featured_media":0,"parent":0,"menu_order":0,"comment_status":"closed","ping_status":"closed","template":"","meta":{"_acf_changed":false,"footnotes":""},"class_list":["post-548","page","type-page","status-publish","hentry"],"acf":[],"yoast_head":"<!-- This site is optimized with the Yoast SEO plugin v24.4 - https:\/\/yoast.com\/wordpress\/plugins\/seo\/ -->\n<title>Wissen FAQ - Rutschfestigkeitspr\u00fcfung mit Smartfloor<\/title>\n<meta name=\"description\" content=\"Besuchen Sie unsere Wissen FAQ - Seite, um mehr \u00fcber Rutschfestigkeitspr\u00fcfungen zu erfahren.\" \/>\n<meta name=\"robots\" content=\"index, follow, max-snippet:-1, max-image-preview:large, max-video-preview:-1\" \/>\n<link rel=\"canonical\" href=\"https:\/\/rutschfestigkeit-test.de\/en\/wissen-faq\/\" \/>\n<meta property=\"og:locale\" content=\"en_US\" \/>\n<meta property=\"og:type\" content=\"article\" \/>\n<meta property=\"og:title\" content=\"Wissen FAQ - Rutschfestigkeitspr\u00fcfung mit Smartfloor\" \/>\n<meta property=\"og:description\" content=\"Besuchen Sie unsere Wissen FAQ - Seite, um mehr \u00fcber Rutschfestigkeitspr\u00fcfungen zu erfahren.\" \/>\n<meta property=\"og:url\" content=\"https:\/\/rutschfestigkeit-test.de\/en\/wissen-faq\/\" \/>\n<meta property=\"og:site_name\" content=\"Rutschfestigkeitspr\u00fcfung mit Smartfloor\" \/>\n<meta property=\"article:publisher\" content=\"https:\/\/www.facebook.com\/smartfloorpl\" \/>\n<meta property=\"article:modified_time\" content=\"2023-07-27T15:04:59+00:00\" \/>\n<meta property=\"og:image\" content=\"http:\/\/rutschfestigkeit-test.de\/wp-content\/uploads\/2023\/07\/PTV-skala-300x300.png\" \/>\n<meta name=\"twitter:card\" content=\"summary_large_image\" \/>\n<meta name=\"twitter:label1\" content=\"Est. reading time\" \/>\n\t<meta name=\"twitter:data1\" content=\"4 minutes\" \/>\n<script type=\"application\/ld+json\" class=\"yoast-schema-graph\">{\"@context\":\"https:\/\/schema.org\",\"@graph\":[{\"@type\":\"WebPage\",\"@id\":\"https:\/\/rutschfestigkeit-test.de\/wissen-faq\/\",\"url\":\"https:\/\/rutschfestigkeit-test.de\/wissen-faq\/\",\"name\":\"Wissen FAQ - Rutschfestigkeitspr\u00fcfung mit Smartfloor\",\"isPartOf\":{\"@id\":\"https:\/\/rutschfestigkeit-test.de\/#website\"},\"primaryImageOfPage\":{\"@id\":\"https:\/\/rutschfestigkeit-test.de\/wissen-faq\/#primaryimage\"},\"image\":{\"@id\":\"https:\/\/rutschfestigkeit-test.de\/wissen-faq\/#primaryimage\"},\"thumbnailUrl\":\"http:\/\/rutschfestigkeit-test.de\/wp-content\/uploads\/2023\/07\/PTV-skala-300x300.png\",\"datePublished\":\"2017-09-27T09:39:20+00:00\",\"dateModified\":\"2023-07-27T15:04:59+00:00\",\"description\":\"Besuchen Sie unsere Wissen FAQ - Seite, um mehr \u00fcber Rutschfestigkeitspr\u00fcfungen zu erfahren.\",\"breadcrumb\":{\"@id\":\"https:\/\/rutschfestigkeit-test.de\/wissen-faq\/#breadcrumb\"},\"inLanguage\":\"en-US\",\"potentialAction\":[{\"@type\":\"ReadAction\",\"target\":[\"https:\/\/rutschfestigkeit-test.de\/wissen-faq\/\"]}]},{\"@type\":\"ImageObject\",\"inLanguage\":\"en-US\",\"@id\":\"https:\/\/rutschfestigkeit-test.de\/wissen-faq\/#primaryimage\",\"url\":\"http:\/\/rutschfestigkeit-test.de\/wp-content\/uploads\/2023\/07\/PTV-skala-300x300.png\",\"contentUrl\":\"http:\/\/rutschfestigkeit-test.de\/wp-content\/uploads\/2023\/07\/PTV-skala-300x300.png\"},{\"@type\":\"BreadcrumbList\",\"@id\":\"https:\/\/rutschfestigkeit-test.de\/wissen-faq\/#breadcrumb\",\"itemListElement\":[{\"@type\":\"ListItem\",\"position\":1,\"name\":\"Home\",\"item\":\"https:\/\/rutschfestigkeit-test.de\/\"},{\"@type\":\"ListItem\",\"position\":2,\"name\":\"Wissen FAQ\"}]},{\"@type\":\"WebSite\",\"@id\":\"https:\/\/rutschfestigkeit-test.de\/#website\",\"url\":\"https:\/\/rutschfestigkeit-test.de\/\",\"name\":\"Rutschfestigkeitspr\u00fcfung mit Smartfloor\",\"description\":\"Rutschfestigkeitspr\u00fcfung mit Smartfloor\",\"publisher\":{\"@id\":\"https:\/\/rutschfestigkeit-test.de\/#organization\"},\"potentialAction\":[{\"@type\":\"SearchAction\",\"target\":{\"@type\":\"EntryPoint\",\"urlTemplate\":\"https:\/\/rutschfestigkeit-test.de\/?s={search_term_string}\"},\"query-input\":{\"@type\":\"PropertyValueSpecification\",\"valueRequired\":true,\"valueName\":\"search_term_string\"}}],\"inLanguage\":\"en-US\"},{\"@type\":\"Organization\",\"@id\":\"https:\/\/rutschfestigkeit-test.de\/#organization\",\"name\":\"Smartfloor\",\"url\":\"https:\/\/rutschfestigkeit-test.de\/\",\"logo\":{\"@type\":\"ImageObject\",\"inLanguage\":\"en-US\",\"@id\":\"https:\/\/rutschfestigkeit-test.de\/#\/schema\/logo\/image\/\",\"url\":\"https:\/\/rutschfestigkeit-test.de\/wp-content\/uploads\/2023\/07\/Zasob-3-jakosc.png\",\"contentUrl\":\"https:\/\/rutschfestigkeit-test.de\/wp-content\/uploads\/2023\/07\/Zasob-3-jakosc.png\",\"width\":4217,\"height\":862,\"caption\":\"Smartfloor\"},\"image\":{\"@id\":\"https:\/\/rutschfestigkeit-test.de\/#\/schema\/logo\/image\/\"},\"sameAs\":[\"https:\/\/www.facebook.com\/smartfloorpl\",\"https:\/\/pl.linkedin.com\/company\/smartfloorpl\"]}]}<\/script>\n<!-- \/ Yoast SEO plugin. -->","yoast_head_json":{"title":"Wissen FAQ - Rutschfestigkeitspr\u00fcfung mit Smartfloor","description":"Besuchen Sie unsere Wissen FAQ - Seite, um mehr \u00fcber Rutschfestigkeitspr\u00fcfungen zu erfahren.","robots":{"index":"index","follow":"follow","max-snippet":"max-snippet:-1","max-image-preview":"max-image-preview:large","max-video-preview":"max-video-preview:-1"},"canonical":"https:\/\/rutschfestigkeit-test.de\/en\/wissen-faq\/","og_locale":"en_US","og_type":"article","og_title":"Wissen FAQ - Rutschfestigkeitspr\u00fcfung mit Smartfloor","og_description":"Besuchen Sie unsere Wissen FAQ - Seite, um mehr \u00fcber Rutschfestigkeitspr\u00fcfungen zu erfahren.","og_url":"https:\/\/rutschfestigkeit-test.de\/en\/wissen-faq\/","og_site_name":"Rutschfestigkeitspr\u00fcfung mit Smartfloor","article_publisher":"https:\/\/www.facebook.com\/smartfloorpl","article_modified_time":"2023-07-27T15:04:59+00:00","og_image":[{"url":"http:\/\/rutschfestigkeit-test.de\/wp-content\/uploads\/2023\/07\/PTV-skala-300x300.png","type":"","width":"","height":""}],"twitter_card":"summary_large_image","twitter_misc":{"Est. reading time":"4 minutes"},"schema":{"@context":"https:\/\/schema.org","@graph":[{"@type":"WebPage","@id":"https:\/\/rutschfestigkeit-test.de\/wissen-faq\/","url":"https:\/\/rutschfestigkeit-test.de\/wissen-faq\/","name":"Wissen FAQ - Rutschfestigkeitspr\u00fcfung mit Smartfloor","isPartOf":{"@id":"https:\/\/rutschfestigkeit-test.de\/#website"},"primaryImageOfPage":{"@id":"https:\/\/rutschfestigkeit-test.de\/wissen-faq\/#primaryimage"},"image":{"@id":"https:\/\/rutschfestigkeit-test.de\/wissen-faq\/#primaryimage"},"thumbnailUrl":"http:\/\/rutschfestigkeit-test.de\/wp-content\/uploads\/2023\/07\/PTV-skala-300x300.png","datePublished":"2017-09-27T09:39:20+00:00","dateModified":"2023-07-27T15:04:59+00:00","description":"Besuchen Sie unsere Wissen FAQ - Seite, um mehr \u00fcber Rutschfestigkeitspr\u00fcfungen zu erfahren.","breadcrumb":{"@id":"https:\/\/rutschfestigkeit-test.de\/wissen-faq\/#breadcrumb"},"inLanguage":"en-US","potentialAction":[{"@type":"ReadAction","target":["https:\/\/rutschfestigkeit-test.de\/wissen-faq\/"]}]},{"@type":"ImageObject","inLanguage":"en-US","@id":"https:\/\/rutschfestigkeit-test.de\/wissen-faq\/#primaryimage","url":"http:\/\/rutschfestigkeit-test.de\/wp-content\/uploads\/2023\/07\/PTV-skala-300x300.png","contentUrl":"http:\/\/rutschfestigkeit-test.de\/wp-content\/uploads\/2023\/07\/PTV-skala-300x300.png"},{"@type":"BreadcrumbList","@id":"https:\/\/rutschfestigkeit-test.de\/wissen-faq\/#breadcrumb","itemListElement":[{"@type":"ListItem","position":1,"name":"Home","item":"https:\/\/rutschfestigkeit-test.de\/"},{"@type":"ListItem","position":2,"name":"Wissen FAQ"}]},{"@type":"WebSite","@id":"https:\/\/rutschfestigkeit-test.de\/#website","url":"https:\/\/rutschfestigkeit-test.de\/","name":"Rutschfestigkeitspr\u00fcfung mit Smartfloor","description":"Rutschfestigkeitspr\u00fcfung mit Smartfloor","publisher":{"@id":"https:\/\/rutschfestigkeit-test.de\/#organization"},"potentialAction":[{"@type":"SearchAction","target":{"@type":"EntryPoint","urlTemplate":"https:\/\/rutschfestigkeit-test.de\/?s={search_term_string}"},"query-input":{"@type":"PropertyValueSpecification","valueRequired":true,"valueName":"search_term_string"}}],"inLanguage":"en-US"},{"@type":"Organization","@id":"https:\/\/rutschfestigkeit-test.de\/#organization","name":"Smartfloor","url":"https:\/\/rutschfestigkeit-test.de\/","logo":{"@type":"ImageObject","inLanguage":"en-US","@id":"https:\/\/rutschfestigkeit-test.de\/#\/schema\/logo\/image\/","url":"https:\/\/rutschfestigkeit-test.de\/wp-content\/uploads\/2023\/07\/Zasob-3-jakosc.png","contentUrl":"https:\/\/rutschfestigkeit-test.de\/wp-content\/uploads\/2023\/07\/Zasob-3-jakosc.png","width":4217,"height":862,"caption":"Smartfloor"},"image":{"@id":"https:\/\/rutschfestigkeit-test.de\/#\/schema\/logo\/image\/"},"sameAs":["https:\/\/www.facebook.com\/smartfloorpl","https:\/\/pl.linkedin.com\/company\/smartfloorpl"]}]}},"_links":{"self":[{"href":"https:\/\/rutschfestigkeit-test.de\/en\/wp-json\/wp\/v2\/pages\/548","targetHints":{"allow":["GET"]}}],"collection":[{"href":"https:\/\/rutschfestigkeit-test.de\/en\/wp-json\/wp\/v2\/pages"}],"about":[{"href":"https:\/\/rutschfestigkeit-test.de\/en\/wp-json\/wp\/v2\/types\/page"}],"author":[{"embeddable":true,"href":"https:\/\/rutschfestigkeit-test.de\/en\/wp-json\/wp\/v2\/users\/1"}],"replies":[{"embeddable":true,"href":"https:\/\/rutschfestigkeit-test.de\/en\/wp-json\/wp\/v2\/comments?post=548"}],"version-history":[{"count":7,"href":"https:\/\/rutschfestigkeit-test.de\/en\/wp-json\/wp\/v2\/pages\/548\/revisions"}],"predecessor-version":[{"id":2459,"href":"https:\/\/rutschfestigkeit-test.de\/en\/wp-json\/wp\/v2\/pages\/548\/revisions\/2459"}],"wp:attachment":[{"href":"https:\/\/rutschfestigkeit-test.de\/en\/wp-json\/wp\/v2\/media?parent=548"}],"curies":[{"name":"wp","href":"https:\/\/api.w.org\/{rel}","templated":true}]}}